{"id":24,"date":"2023-06-24T15:02:03","date_gmt":"2023-06-24T15:02:03","guid":{"rendered":"https:\/\/icoaulas.org\/escuelaperfilt\/home\/"},"modified":"2024-06-20T01:07:01","modified_gmt":"2024-06-20T01:07:01","slug":"home","status":"publish","type":"page","link":"https:\/\/icoaulas.org\/escuelaperfilt\/","title":{"rendered":"Home"},"content":{"rendered":"\n\n\n<h1>Un nuevo modelo educativo<\/h1>\n<h2 style=\"color: rgb(255, 255, 204);\">para<\/h2>\n<h2>\u00abProfesionales de Perfil T\u00bb<\/h2>\n\n\n\n\n<h2>&nbsp;<\/h2>\n\n\n\n\n<h2 style=\"color: rgb(255, 255, 255);\"><span style=\"color:#ffffcc;\"><br>\u00abEs momento de desbloquear todo tu potencial: <br>de capacitarte y trabajar para <br>promover y potenciar tu \u201cT-shape\u201d<br>de la mano de la IA.<\/span><br><br><\/h2>\n\n\n\n\n\n\n\n\n<p style=\"text-align: justify;\"><span style=\"font-size: large;\">Los<span style=\"color:#a10000;\"><strong><em>&nbsp;Profesionales de Perfil T<\/em><\/strong><span style=\"text-decoration-style: solid !important;\"><strong><em>&nbsp;<\/em><\/strong><\/span><\/span><span style=\"text-decoration-style: solid !important;\"><strong><em><\/em><\/strong>son aquellos que tienen un profundo&nbsp; conocimiento y habilidades en una o m\u00e1s \u00e1reas espec\u00edficas y adem\u00e1s poseen una amplia gama de habilidades transversales.<\/span><br style=\"\">Presentan una gran capacidad para aprender en forma continua, relacionarse y adquirir nuevas competencias, y colaborar con otros para generar soluciones innovadoras. Son buenos comunicadores, personas emp\u00e1ticas, capaces de ponerse en el lugar de los dem\u00e1s y escuchar activamente, lo que&nbsp;<\/span><span style=\"background-color: rgb(255, 255, 255); color: rgb(0, 0, 0); font-family: Roboto, sans-serif; font-size: 18px; white-space-collapse: preserve;\">les proporciona una visi\u00f3n de amplia perspectiva que se traduce en finalmente en eficacia. <\/span><\/p><p style=\"text-align: justify;\"><span style=\"font-size: 13.5pt; font-family: Roboto, sans-serif; color: rgb(0, 0, 0); background-color: rgb(255, 255, 255); font-variant-numeric: normal; font-variant-east-asian: normal; font-variant-alternates: normal; font-variant-position: normal; vertical-align: baseline; white-space-collapse: preserve;\">\nLas personas de <span style=\"color:#a10000;\"><strong><em>Perfil T<\/em><\/strong><\/span><strong><em><\/em><\/strong> poseen una gran preparaci\u00f3n en \u00e1reas espec\u00edficas y, adem\u00e1s, presentan una gran capacidad para relacionarse, adaptarse, aprender y adquirir nuevas competencias<\/span><span style=\"font-size: 13.5pt; font-family: Roboto, sans-serif; color: rgb(0, 0, 0); background-color: rgb(255, 255, 255); font-variant-numeric: normal; font-variant-east-asian: normal; font-variant-alternates: normal; font-variant-position: normal; vertical-align: baseline; white-space-collapse: preserve;\">, colaborar e innovar en distintas disciplinas. <\/span><\/p>\n\n\n\n\n\n\n\n<h4 style=\"color: rgb(92, 0, 0);\">NO TE CONFORMES CON ESTE PRESENTE CUANDO EL FUTURO PUEDE SER TUYO<\/h4>\n\n\n\n\n<h4 style=\"text-align: center; color: rgb(92, 0, 0);\"><em style=\"font-weight: normal;\">Vive <\/em><em style=\"\">la transformaci\u00f3n<\/em><em style=\"font-weight: normal;\"> de convertirte en un <\/em><em style=\"\">protagonista activo<br><span style=\"font-weight: normal;\">en el uso de la <\/span>Inteligencia Artificial<span style=\"font-weight: normal;\">, <\/span><br><span style=\"font-weight: normal;\">mejorando tu productividad, adquiriendo nuevas habilidades y oportunidades <br>para continuar creciendo d\u00eda a d\u00eda.&nbsp; &nbsp;&nbsp;<\/span><\/em><\/h4>\n\n\n\n\n\n<h2 style=\"text-align: center;\">Conoce la Propuesta Pedag\u00f3gica:<\/h2>\n<p style=\"text-align: center;\"><span style=\"color: rgb(161, 0, 0); font-family: Grotesk-Regular, sans-serif; font-size: large; font-weight: 600; letter-spacing: 0.39375px; text-align: center;\">Est\u00e1 dise\u00f1ada para transformar<\/span><br style=\"color: rgb(161, 0, 0); font-family: Grotesk-Regular, sans-serif; font-size: large; font-weight: 600; letter-spacing: 0.39375px; text-align: center;\"><span style=\"color: rgb(161, 0, 0); font-family: Grotesk-Regular, sans-serif; font-size: large; font-weight: 600; letter-spacing: 0.39375px; text-align: center;\">diferentes \u00e1reas pedag\u00f3gicas de tu vida.&nbsp;<\/span><br><\/p>\n<p style=\"text-align: center\"><span id=\"docs-internal-guid-e79359a6-7fff-34a3-1575-d456b0b046df\"><\/span><\/p><p dir=\"ltr\" style=\"line-height: 1.38; margin-top: 0pt; margin-bottom: 12pt; text-align: center;\"><span style=\"font-size:12pt;font-family:Arial;color:#292d38;background-color:transparent;font-weight:400;font-style:normal;font-variant:normal;text-decoration:none;vertical-align:baseline;white-space:pre;white-space:pre-wrap;\">El Programa se encuentra organizado en <\/span><span style=\"font-size:12pt;font-family:Arial;color:#292d38;background-color:transparent;font-weight:700;font-style:normal;font-variant:normal;text-decoration:none;vertical-align:baseline;white-space:pre;white-space:pre-wrap;\"><span style=\"font-size: large; color: rgb(161, 0, 0);\">10 ejes transversales<\/span>:<\/span><\/p>\n\n\n\n\n\n\n\n\n\n\n\n\n\n\n\n<p style=\"text-align: center;\"><strong style=\"font-size: large; color: rgb(161, 0, 0);\"><em>INTELIGENCIA AR<span style=\"color:#a10000;\"><\/span>TIFICIAL<\/em><\/strong><\/p>\n\n\n\n\n\n\n\n\n\n\n\n<p dir=\"ltr\" style=\"line-height:1.38;margin-left: 36pt;margin-top:0pt;margin-bottom:12pt;\"><span style=\"font-size:medium;\"><span style=\"font-family: Arial; color: rgb(41, 45, 56); background-color: transparent; font-weight: 400; font-style: normal; font-variant: normal; text-decoration: none; vertical-align: baseline; white-space: pre-wrap;\">Por cada uno de los ejes se proponen <\/span><span style=\"font-family: Arial; color: rgb(161, 0, 0); background-color: transparent; font-weight: 700; font-style: normal; font-variant: normal; text-decoration: none; vertical-align: baseline; white-space: pre-wrap;\">Retos semanales<\/span><span style=\"font-family: Arial; color: rgb(41, 45, 56); background-color: transparent; font-weight: 400; font-style: normal; font-variant: normal; text-decoration: none; vertical-align: baseline; white-space: pre-wrap;\"> con actividades de aprendizaje y entrenamiento que te demandar\u00e1n entre <\/span><span style=\"font-family: Arial; color: rgb(41, 45, 56); background-color: transparent; font-style: normal; font-variant: normal; text-decoration: none; vertical-align: baseline; white-space: pre-wrap;\"><strong>10 y 20 minutos <\/strong><\/span><span style=\"font-family: Arial; color: rgb(41, 45, 56); background-color: transparent; font-weight: 400; font-style: normal; font-variant: normal; text-decoration: none; vertical-align: baseline; white-space: pre-wrap;\">cada una. Tendr\u00e1s acceso a <\/span><span style=\"font-family: Arial; color: rgb(41, 45, 56); background-color: transparent; font-variant: normal; text-decoration: none; vertical-align: baseline; white-space: pre-wrap;\"><strong style=\"\"><em>tecnoburbujas<\/em><\/strong><\/span><span style=\"font-family: Arial; color: rgb(41, 45, 56); background-color: transparent; font-weight: 400; font-style: normal; font-variant: normal; text-decoration: none; vertical-align: baseline; white-space: pre-wrap;\"> de contenido diferenciado integradas en cada Reto seleccionado.\n\nPara los fines de semana se proponen <\/span><span style=\"font-family: Arial; color: rgb(41, 45, 56); background-color: transparent; font-style: normal; font-variant: normal; text-decoration: none; vertical-align: baseline; white-space: pre-wrap;\"><strong>divertidos retos l\u00fadicos digitales<\/strong><\/span><span style=\"font-family: Arial; color: rgb(41, 45, 56); background-color: transparent; font-weight: 400; font-style: normal; font-variant: normal; text-decoration: none; vertical-align: baseline; white-space: pre-wrap;\">, para compartir y disfrutar.<\/span><\/span><span style=\"font-size:12pt;font-family:Arial;color:#292d38;background-color:transparent;font-weight:400;font-style:normal;font-variant:normal;text-decoration:none;vertical-align:baseline;white-space:pre;white-space:pre-wrap;\">\n<\/span><\/p>\n<p dir=\"ltr\" style=\"line-height:1.38;margin-left: 36pt;margin-top:0pt;margin-bottom:12pt;\"><span style=\"font-size:12pt;font-family:Arial;color:#292d38;background-color:transparent;font-weight:400;font-style:normal;font-variant:normal;text-decoration:none;vertical-align:baseline;white-space:pre;white-space:pre-wrap;\"><\/span><\/p><p dir=\"ltr\" style=\"line-height:1.38;margin-left: 36pt;margin-top:0pt;margin-bottom:12pt;\"><span style=\"font-size: 12pt; font-family: Arial; color: rgb(41, 45, 56); background-color: transparent; font-style: normal; font-variant: normal; text-decoration: none; vertical-align: baseline; white-space: pre-wrap;\"><strong style=\"color: rgb(161, 0, 0);\">Descubre nuevas t\u00e9cnicas y herramientas para potenciar tu creatividad, concentraci\u00f3n, memoria, y tu capacidad de aprendizaje.<\/strong><\/span><\/p>\n\n<p style=\"text-align: center;\"><strong>Un Programa Transformador desde el Primer d\u00eda, que comienza con un Reto Introductorio de una semana para conocer el Programa, el Entorno Virtual de Aprendizaje (EVA) y al resto de los miembros de la Escuela Digital.<br>&nbsp;<\/strong><\/p>\n\n<p style=\"text-align: center;\"><span style=\"text-align: center; font-size: large;\">Promoviendo y desarrollando estas habilidades transversales e interdisciplinarias y muchas m\u00e1s, trabajamos en la&nbsp;<br><span style=\"font-weight: 700;\"><em>Escuela <\/em><\/span><span style=\"font-weight: 700;\"><em>Digital de Proyectos,&nbsp;<\/em><\/span>capacitando a potenciales&nbsp;<br><span style=\"color: rgb(161, 0, 0);\"><span style=\"font-weight: 700;\">Profesionales de Perfil T<\/span><\/span><span style=\"font-weight: 700;\"><\/span>.&nbsp;<\/span><span style=\"font-size:medium;\"><span style=\"text-align: center;\"><\/span><strong><br style=\"text-align: center;\"><br style=\"text-align: center;\"><span style=\"text-align: center;\">Sin importar en qu\u00e9 lugar del mundo te encuentres, te invitamos a conocer esta nueva e innovadora iniciativa, la propuesta pedag\u00f3gica que ofrecemos y las condiciones de ingreso y cursada.<br><\/span><\/strong><\/span><strong><span style=\"text-align: center;\"><\/span><\/strong>&nbsp;<br><span style=\"font-weight: 700; font-size: medium;\">Y si ya te sientes identificado con un\/a Profesional de Perfil T y est\u00e1s decidido\/a a potenciar tus habilidades transversales<br>y a trabajar para desarrollar aquellas que te est\u00e1n faltando,&nbsp;puedes aplicar para ingresar en la Escuela y<br>sumarte a nuestra Comunidad de Aprendizaje<\/span>.<br>&nbsp;<br><br><\/p>\n\n\n\n\n<h3 style=\"font-family: Arial; color: rgb(191, 38, 15); font-size: 24px !important;\">Esta convocatoria se encuentra abierta a todos los potenciales \u00abProfesionales de Perfil T\u00bb que posean las siguientes cuatro de las habilidades transversales fundamentales:<\/h3>\n\n\n\n\n\n\n\n\n\n\n\n\n\n\n\n\n\n\n\n\n\n<h3>Accede al Programa<\/h3>\n\n<span style=\"color: rgb(255, 255, 255); font-size: 12pt; font-variant-numeric: normal; font-variant-east-asian: normal; font-variant-alternates: normal; text-transform: uppercase; white-space-collapse: preserve; background-color: transparent; font-family: Arial; font-weight: 700; vertical-align: baseline;\">COMPLETA TUS DATOS EN EL FOR<\/span><span style=\"color: rgb(255, 255, 255); font-size: 12pt; text-transform: uppercase; white-space-collapse: preserve; background-color: transparent; font-family: Arial; font-weight: 700;\">MULARIO de inscripci\u00f3n<\/span><span style=\"color: rgb(255, 255, 255); font-size: 12pt; text-transform: uppercase; white-space-collapse: preserve; background-color: transparent; font-family: Arial; font-weight: 700;\"><br><\/span>\n\n\n\n<span style=\"color: rgb(255, 255, 255); font-family: Arial; font-weight: 700; text-transform: uppercase; white-space-collapse: preserve;\">Y COMIENZA A CURSAR INMEDIATAMENTE, EL M\u00d3DULO INTRODUCTORIO DE MANERA GRATUITA. <\/span><span style=\"color: rgb(255, 255, 255); font-size: 12pt; text-transform: uppercase; white-space-collapse: preserve; background-color: transparent; font-family: Arial; font-weight: 700;\">\n<img decoding=\"async\" draggable=\"true\" role=\"img\" class=\"emoji\" alt=\"\ud83d\ude42\" src=\"https:\/\/s.w.org\/images\/core\/emoji\/14.0.0\/svg\/1f642.svg\"><\/span>\n\n\n\n\n\n\n\n\n\n\n\n\n\n\n<h2>Estudiar\u00e1s en nuestro <br>CAMPUS VIRTUAL ICONOGR\u00c1FICO<\/h2>\n\n\n\n\n\n\n\n\n\n<h2><br><\/h2>\n<h2>Y CERTIFICAR\u00c1S TUS APRENDIZAJES.<br><\/h2>\n\n\n\n\n\n\n\n\n\n\n\n\n\n<div class=\"pvc_clear\"><\/div><p id=\"pvc_stats_24\" class=\"pvc_stats all  \" data-element-id=\"24\" style=\"\"><i class=\"pvc-stats-icon medium\" aria-hidden=\"true\"><svg aria-hidden=\"true\" focusable=\"false\" data-prefix=\"far\" data-icon=\"chart-bar\" role=\"img\" xmlns=\"http:\/\/www.w3.org\/2000\/svg\" viewBox=\"0 0 512 512\" class=\"svg-inline--fa fa-chart-bar fa-w-16 fa-2x\"><path fill=\"currentColor\" d=\"M396.8 352h22.4c6.4 0 12.8-6.4 12.8-12.8V108.8c0-6.4-6.4-12.8-12.8-12.8h-22.4c-6.4 0-12.8 6.4-12.8 12.8v230.4c0 6.4 6.4 12.8 12.8 12.8zm-192 0h22.4c6.4 0 12.8-6.4 12.8-12.8V140.8c0-6.4-6.4-12.8-12.8-12.8h-22.4c-6.4 0-12.8 6.4-12.8 12.8v198.4c0 6.4 6.4 12.8 12.8 12.8zm96 0h22.4c6.4 0 12.8-6.4 12.8-12.8V204.8c0-6.4-6.4-12.8-12.8-12.8h-22.4c-6.4 0-12.8 6.4-12.8 12.8v134.4c0 6.4 6.4 12.8 12.8 12.8zM496 400H48V80c0-8.84-7.16-16-16-16H16C7.16 64 0 71.16 0 80v336c0 17.67 14.33 32 32 32h464c8.84 0 16-7.16 16-16v-16c0-8.84-7.16-16-16-16zm-387.2-48h22.4c6.4 0 12.8-6.4 12.8-12.8v-70.4c0-6.4-6.4-12.8-12.8-12.8h-22.4c-6.4 0-12.8 6.4-12.8 12.8v70.4c0 6.4 6.4 12.8 12.8 12.8z\" class=\"\"><\/path><\/svg><\/i> <img loading=\"lazy\" decoding=\"async\" width=\"16\" height=\"16\" alt=\"Loading\" src=\"https:\/\/icoaulas.org\/escuelaperfilt\/wp-content\/plugins\/page-views-count\/ajax-loader-2x.gif\" border=0 \/><\/p><div class=\"pvc_clear\"><\/div>","protected":false},"excerpt":{"rendered":"<div class=\"pvc_clear\"><\/div>\n<p id=\"pvc_stats_24\" class=\"pvc_stats all  \" data-element-id=\"24\" style=\"\"><i class=\"pvc-stats-icon medium\" aria-hidden=\"true\"><svg aria-hidden=\"true\" focusable=\"false\" data-prefix=\"far\" data-icon=\"chart-bar\" role=\"img\" xmlns=\"http:\/\/www.w3.org\/2000\/svg\" viewBox=\"0 0 512 512\" class=\"svg-inline--fa fa-chart-bar fa-w-16 fa-2x\"><path fill=\"currentColor\" d=\"M396.8 352h22.4c6.4 0 12.8-6.4 12.8-12.8V108.8c0-6.4-6.4-12.8-12.8-12.8h-22.4c-6.4 0-12.8 6.4-12.8 12.8v230.4c0 6.4 6.4 12.8 12.8 12.8zm-192 0h22.4c6.4 0 12.8-6.4 12.8-12.8V140.8c0-6.4-6.4-12.8-12.8-12.8h-22.4c-6.4 0-12.8 6.4-12.8 12.8v198.4c0 6.4 6.4 12.8 12.8 12.8zm96 0h22.4c6.4 0 12.8-6.4 12.8-12.8V204.8c0-6.4-6.4-12.8-12.8-12.8h-22.4c-6.4 0-12.8 6.4-12.8 12.8v134.4c0 6.4 6.4 12.8 12.8 12.8zM496 400H48V80c0-8.84-7.16-16-16-16H16C7.16 64 0 71.16 0 80v336c0 17.67 14.33 32 32 32h464c8.84 0 16-7.16 16-16v-16c0-8.84-7.16-16-16-16zm-387.2-48h22.4c6.4 0 12.8-6.4 12.8-12.8v-70.4c0-6.4-6.4-12.8-12.8-12.8h-22.4c-6.4 0-12.8 6.4-12.8 12.8v70.4c0 6.4 6.4 12.8 12.8 12.8z\" class=\"\"><\/path><\/svg><\/i> <img loading=\"lazy\" decoding=\"async\" width=\"16\" height=\"16\" alt=\"Loading\" src=\"https:\/\/icoaulas.org\/escuelaperfilt\/wp-content\/plugins\/page-views-count\/ajax-loader-2x.gif\" border=0 \/><\/p>\n<div class=\"pvc_clear\"><\/div>\n","protected":false},"author":0,"featured_media":0,"parent":0,"menu_order":0,"comment_status":"closed","ping_status":"closed","template":"","meta":{"footnotes":""},"class_list":["post-24","page","type-page","status-publish","hentry"],"_links":{"self":[{"href":"https:\/\/icoaulas.org\/escuelaperfilt\/wp-json\/wp\/v2\/pages\/24","targetHints":{"allow":["GET"]}}],"collection":[{"href":"https:\/\/icoaulas.org\/escuelaperfilt\/wp-json\/wp\/v2\/pages"}],"about":[{"href":"https:\/\/icoaulas.org\/escuelaperfilt\/wp-json\/wp\/v2\/types\/page"}],"replies":[{"embeddable":true,"href":"https:\/\/icoaulas.org\/escuelaperfilt\/wp-json\/wp\/v2\/comments?post=24"}],"version-history":[{"count":48,"href":"https:\/\/icoaulas.org\/escuelaperfilt\/wp-json\/wp\/v2\/pages\/24\/revisions"}],"predecessor-version":[{"id":115,"href":"https:\/\/icoaulas.org\/escuelaperfilt\/wp-json\/wp\/v2\/pages\/24\/revisions\/115"}],"wp:attachment":[{"href":"https:\/\/icoaulas.org\/escuelaperfilt\/wp-json\/wp\/v2\/media?parent=24"}],"curies":[{"name":"wp","href":"https:\/\/api.w.org\/{rel}","templated":true}]}}